{"id":2326,"date":"2024-04-16T15:48:25","date_gmt":"2024-04-16T18:48:25","guid":{"rendered":"https:\/\/isorocha.com.br\/lojaisorocha\/?post_type=product&#038;p=2326"},"modified":"2024-06-17T08:57:13","modified_gmt":"2024-06-17T11:57:13","slug":"borracha-elastomerica-2","status":"publish","type":"product","link":"https:\/\/isorocha.com.br\/lojaisorocha\/loja-virtual\/isolamento-termico-para-baixas-temperaturas\/borracha-elastomerica-2\/","title":{"rendered":"borracha elastom\u00e9rica\u00a030mm\/espesura"},"content":{"rendered":"<p><img fetchpriority=\"high\" decoding=\"async\" class=\"alignnone size-medium wp-image-2498\" src=\"https:\/\/isorocha.com.br\/lojaisorocha\/wp-content\/uploads\/2024\/06\/WhatsApp-Image-2024-06-17-at-08.12.21-1-300x300.png\" alt=\"\" width=\"300\" height=\"300\" srcset=\"https:\/\/isorocha.com.br\/lojaisorocha\/wp-content\/uploads\/2024\/06\/WhatsApp-Image-2024-06-17-at-08.12.21-1-300x300.png 300w, https:\/\/isorocha.com.br\/lojaisorocha\/wp-content\/uploads\/2024\/06\/WhatsApp-Image-2024-06-17-at-08.12.21-1-150x150.png 150w, https:\/\/isorocha.com.br\/lojaisorocha\/wp-content\/uploads\/2024\/06\/WhatsApp-Image-2024-06-17-at-08.12.21-1-768x768.png 768w, https:\/\/isorocha.com.br\/lojaisorocha\/wp-content\/uploads\/2024\/06\/WhatsApp-Image-2024-06-17-at-08.12.21-1-100x100.png 100w, https:\/\/isorocha.com.br\/lojaisorocha\/wp-content\/uploads\/2024\/06\/WhatsApp-Image-2024-06-17-at-08.12.21-1-800x800.png 800w, https:\/\/isorocha.com.br\/lojaisorocha\/wp-content\/uploads\/2024\/06\/WhatsApp-Image-2024-06-17-at-08.12.21-1.png 1000w\" sizes=\"(max-width: 300px) 100vw, 300px\" \/><\/p>\n<p>borracha elastom\u00e9rica<\/p>\n<p>espesura :30 mm<\/p>\n<p>comprimento :10 metros<\/p>\n<p>largura:1,20 merto<\/p>\n<p>stotal em mertos quadrados por rolo : 12 metro<\/p>\n<p>espesura :20 mm<\/p>\n<p>comprimento :10 metros<\/p>\n<p>largura:1,20 merto<\/p>\n<p>total em mertos quadrados por rolo : 12 metro<\/p>\n","protected":false},"excerpt":{"rendered":"<p>A borracha elastom\u00e9rica \u00e9 um material flex\u00edvel e resistente usado principalmente como isolamento t\u00e9rmico em sistemas de refrigera\u00e7\u00e3o, ar condicionado e aquecimento. Feita de borracha sint\u00e9tica ou natural, ela possui propriedades de elasticidade que permitem sua f\u00e1cil instala\u00e7\u00e3o em tubula\u00e7\u00f5es, dutos e equipamentos, adaptando-se a diferentes formas e tamanhos.<\/p>\n<p>Al\u00e9m de sua capacidade de isolamento t\u00e9rmico, a borracha elastom\u00e9rica tamb\u00e9m oferece prote\u00e7\u00e3o contra condensa\u00e7\u00e3o, resist\u00eancia a UV e intemp\u00e9ries, al\u00e9m de propriedades de absor\u00e7\u00e3o de ru\u00eddo. Sua durabilidade e flexibilidade a tornam uma escolha popular para aplica\u00e7\u00f5es industriais e comerciais, ajudando a melhorar a efici\u00eancia energ\u00e9tica e a manter a integridade dos sistemas de HVAC (aquecimento, ventila\u00e7\u00e3o e ar condicionado).<\/p>\n","protected":false},"featured_media":2327,"comment_status":"open","ping_status":"closed","template":"","meta":[],"product_cat":[66],"product_tag":[],"_links":{"self":[{"href":"https:\/\/isorocha.com.br\/lojaisorocha\/wp-json\/wp\/v2\/product\/2326"}],"collection":[{"href":"https:\/\/isorocha.com.br\/lojaisorocha\/wp-json\/wp\/v2\/product"}],"about":[{"href":"https:\/\/isorocha.com.br\/lojaisorocha\/wp-json\/wp\/v2\/types\/product"}],"replies":[{"embeddable":true,"href":"https:\/\/isorocha.com.br\/lojaisorocha\/wp-json\/wp\/v2\/comments?post=2326"}],"wp:featuredmedia":[{"embeddable":true,"href":"https:\/\/isorocha.com.br\/lojaisorocha\/wp-json\/wp\/v2\/media\/2327"}],"wp:attachment":[{"href":"https:\/\/isorocha.com.br\/lojaisorocha\/wp-json\/wp\/v2\/media?parent=2326"}],"wp:term":[{"taxonomy":"product_cat","embeddable":true,"href":"https:\/\/isorocha.com.br\/lojaisorocha\/wp-json\/wp\/v2\/product_cat?post=2326"},{"taxonomy":"product_tag","embeddable":true,"href":"https:\/\/isorocha.com.br\/lojaisorocha\/wp-json\/wp\/v2\/product_tag?post=2326"}],"curies":[{"name":"wp","href":"https:\/\/api.w.org\/{rel}","templated":true}]}}