{"id":1642,"date":"2024-02-22T10:04:00","date_gmt":"2024-02-22T13:04:00","guid":{"rendered":"https:\/\/isorocha.com.br\/lojaisorocha\/?page_id=1642"},"modified":"2024-04-03T13:28:36","modified_gmt":"2024-04-03T16:28:36","slug":"politica-de-seguranca","status":"publish","type":"page","link":"https:\/\/isorocha.com.br\/lojaisorocha\/politica-de-seguranca\/","title":{"rendered":"Politica De Seguran\u00e7a"},"content":{"rendered":"\t\t<div data-elementor-type=\"wp-page\" data-elementor-id=\"1642\" class=\"elementor elementor-1642\" data-elementor-post-type=\"page\">\n\t\t\t\t\t\t<section data-particle_enable=\"false\" data-particle-mobile-disabled=\"false\" class=\"elementor-section elementor-top-section elementor-element elementor-element-8aa27f7 elementor-section-full_width elementor-section-height-default elementor-section-height-default\" data-id=\"8aa27f7\" data-element_type=\"section\" data-settings=\"{&quot;background_background&quot;:&quot;classic&quot;}\">\n\t\t\t\t\t\t\t<div class=\"elementor-background-overlay\"><\/div>\n\t\t\t\t\t\t\t<div class=\"elementor-container elementor-column-gap-default\">\n\t\t\t\t\t<div class=\"elementor-column elementor-col-100 elementor-top-column elementor-element elementor-element-0a6c008\" data-id=\"0a6c008\" data-element_type=\"column\">\n\t\t\t<div class=\"elementor-widget-wrap elementor-element-populated\">\n\t\t\t\t\t\t\t<\/div>\n\t\t<\/div>\n\t\t\t\t\t<\/div>\n\t\t<\/section>\n\t\t\t\t<section data-particle_enable=\"false\" data-particle-mobile-disabled=\"false\" class=\"elementor-section elementor-top-section elementor-element elementor-element-bb878c8 elementor-section-boxed elementor-section-height-default elementor-section-height-default\" data-id=\"bb878c8\" data-element_type=\"section\">\n\t\t\t\t\t\t<div class=\"elementor-container elementor-column-gap-default\">\n\t\t\t\t\t<div class=\"elementor-column elementor-col-100 elementor-top-column elementor-element elementor-element-0cef025\" data-id=\"0cef025\" data-element_type=\"column\">\n\t\t\t<div class=\"elementor-widget-wrap elementor-element-populated\">\n\t\t\t\t\t\t<div class=\"elementor-element elementor-element-9aaad17 elementor-widget elementor-widget-text-editor\" data-id=\"9aaad17\" data-element_type=\"widget\" data-widget_type=\"text-editor.default\">\n\t\t\t\t<div class=\"elementor-widget-container\">\n\t\t\t<style>\/*! elementor - v3.21.0 - 26-05-2024 *\/\n.elementor-widget-text-editor.elementor-drop-cap-view-stacked .elementor-drop-cap{background-color:#69727d;color:#fff}.elementor-widget-text-editor.elementor-drop-cap-view-framed .elementor-drop-cap{color:#69727d;border:3px solid;background-color:transparent}.elementor-widget-text-editor:not(.elementor-drop-cap-view-default) .elementor-drop-cap{margin-top:8px}.elementor-widget-text-editor:not(.elementor-drop-cap-view-default) .elementor-drop-cap-letter{width:1em;height:1em}.elementor-widget-text-editor .elementor-drop-cap{float:left;text-align:center;line-height:1;font-size:50px}.elementor-widget-text-editor .elementor-drop-cap-letter{display:inline-block}<\/style>\t\t\t\t<p>Na Isorocha, utilizamos o PagSeguro, reconhecido como um dos meios de pagamento mais seguros e eficientes na prote\u00e7\u00e3o contra fraudes em transa\u00e7\u00f5es online. Estabelecemos parcerias com os principais bancos e administradoras de cart\u00f5es para oferecer a voc\u00ea uma experi\u00eancia de compra segura e tranquila.<\/p><p>Ao optar pelo PagSeguro, voc\u00ea tem a certeza de que seus dados financeiros permanecem protegidos e n\u00e3o s\u00e3o compartilhados com vendedores, refor\u00e7ando nossa pol\u00edtica de privacidade e seguran\u00e7a. Al\u00e9m disso, o PagSeguro assegura a entrega do seu pedido ou a devolu\u00e7\u00e3o do seu dinheiro, proporcionando uma camada adicional de confian\u00e7a e satisfa\u00e7\u00e3o ao seu processo de compra.<\/p><p>Com o compromisso de oferecer o m\u00e1ximo em conveni\u00eancia e seguran\u00e7a, a Isorocha e o PagSeguro garantem que, em caso de qualquer inconformidade com o produto recebido ou atraso na entrega, voc\u00ea disp\u00f5e de at\u00e9 14 dias para solicitar o cancelamento da compra. Esse \u00e9 mais um dos nossos esfor\u00e7os para garantir a sua total satisfa\u00e7\u00e3o e confian\u00e7a em nossos servi\u00e7os e produtos de isolamento t\u00e9rmico.<\/p><p>Na Isorocha, estamos sempre buscando inova\u00e7\u00f5es e melhorias em nossos processos, visando n\u00e3o apenas fornecer solu\u00e7\u00f5es de isolamento t\u00e9rmico de alta qualidade, mas tamb\u00e9m garantir que sua experi\u00eancia de compra seja segura, conveniente e satisfat\u00f3ria do in\u00edcio ao fim.<\/p>\t\t\t\t\t\t<\/div>\n\t\t\t\t<\/div>\n\t\t\t\t\t<\/div>\n\t\t<\/div>\n\t\t\t\t\t<\/div>\n\t\t<\/section>\n\t\t\t\t<\/div>\n\t\t","protected":false},"excerpt":{"rendered":"<p>Na Isorocha, utilizamos o PagSeguro, reconhecido como um dos meios de pagamento mais seguros e eficientes na prote\u00e7\u00e3o contra fraudes em transa\u00e7\u00f5es online. Estabelecemos parcerias com os principais bancos e administradoras de cart\u00f5es para oferecer a voc\u00ea uma experi\u00eancia de compra segura e tranquila. Ao optar pelo PagSeguro, voc\u00ea tem a certeza de que seus [&hellip;]<\/p>\n","protected":false},"author":1,"featured_media":0,"parent":0,"menu_order":0,"comment_status":"closed","ping_status":"closed","template":"elementor_header_footer","meta":{"footnotes":""},"_links":{"self":[{"href":"https:\/\/isorocha.com.br\/lojaisorocha\/wp-json\/wp\/v2\/pages\/1642"}],"collection":[{"href":"https:\/\/isorocha.com.br\/lojaisorocha\/wp-json\/wp\/v2\/pages"}],"about":[{"href":"https:\/\/isorocha.com.br\/lojaisorocha\/wp-json\/wp\/v2\/types\/page"}],"author":[{"embeddable":true,"href":"https:\/\/isorocha.com.br\/lojaisorocha\/wp-json\/wp\/v2\/users\/1"}],"replies":[{"embeddable":true,"href":"https:\/\/isorocha.com.br\/lojaisorocha\/wp-json\/wp\/v2\/comments?post=1642"}],"version-history":[{"count":16,"href":"https:\/\/isorocha.com.br\/lojaisorocha\/wp-json\/wp\/v2\/pages\/1642\/revisions"}],"predecessor-version":[{"id":2215,"href":"https:\/\/isorocha.com.br\/lojaisorocha\/wp-json\/wp\/v2\/pages\/1642\/revisions\/2215"}],"wp:attachment":[{"href":"https:\/\/isorocha.com.br\/lojaisorocha\/wp-json\/wp\/v2\/media?parent=1642"}],"curies":[{"name":"wp","href":"https:\/\/api.w.org\/{rel}","templated":true}]}}