{"id":1641,"date":"2024-02-22T10:03:43","date_gmt":"2024-02-22T13:03:43","guid":{"rendered":"https:\/\/isorocha.com.br\/lojaisorocha\/?page_id=1641"},"modified":"2024-04-03T13:27:16","modified_gmt":"2024-04-03T16:27:16","slug":"politica-de-privacidade","status":"publish","type":"page","link":"https:\/\/isorocha.com.br\/lojaisorocha\/politica-de-privacidade\/","title":{"rendered":"Pol\u00edtica De Privacidade"},"content":{"rendered":"\t\t<div data-elementor-type=\"wp-page\" data-elementor-id=\"1641\" class=\"elementor elementor-1641\" data-elementor-post-type=\"page\">\n\t\t\t\t\t\t<section data-particle_enable=\"false\" data-particle-mobile-disabled=\"false\" class=\"elementor-section elementor-top-section elementor-element elementor-element-8aa27f7 elementor-section-full_width elementor-section-height-default elementor-section-height-default\" data-id=\"8aa27f7\" data-element_type=\"section\" data-settings=\"{&quot;background_background&quot;:&quot;classic&quot;}\">\n\t\t\t\t\t\t\t<div class=\"elementor-background-overlay\"><\/div>\n\t\t\t\t\t\t\t<div class=\"elementor-container elementor-column-gap-default\">\n\t\t\t\t\t<div class=\"elementor-column elementor-col-100 elementor-top-column elementor-element elementor-element-0a6c008\" data-id=\"0a6c008\" data-element_type=\"column\">\n\t\t\t<div class=\"elementor-widget-wrap elementor-element-populated\">\n\t\t\t\t\t\t\t<\/div>\n\t\t<\/div>\n\t\t\t\t\t<\/div>\n\t\t<\/section>\n\t\t\t\t<section data-particle_enable=\"false\" data-particle-mobile-disabled=\"false\" class=\"elementor-section elementor-top-section elementor-element elementor-element-bb878c8 elementor-section-boxed elementor-section-height-default elementor-section-height-default\" data-id=\"bb878c8\" data-element_type=\"section\">\n\t\t\t\t\t\t<div class=\"elementor-container elementor-column-gap-default\">\n\t\t\t\t\t<div class=\"elementor-column elementor-col-100 elementor-top-column elementor-element elementor-element-0cef025\" data-id=\"0cef025\" data-element_type=\"column\">\n\t\t\t<div class=\"elementor-widget-wrap elementor-element-populated\">\n\t\t\t\t\t\t<div class=\"elementor-element elementor-element-9aaad17 elementor-widget elementor-widget-text-editor\" data-id=\"9aaad17\" data-element_type=\"widget\" data-widget_type=\"text-editor.default\">\n\t\t\t\t<div class=\"elementor-widget-container\">\n\t\t\t<style>\/*! elementor - v3.21.0 - 26-05-2024 *\/\n.elementor-widget-text-editor.elementor-drop-cap-view-stacked .elementor-drop-cap{background-color:#69727d;color:#fff}.elementor-widget-text-editor.elementor-drop-cap-view-framed .elementor-drop-cap{color:#69727d;border:3px solid;background-color:transparent}.elementor-widget-text-editor:not(.elementor-drop-cap-view-default) .elementor-drop-cap{margin-top:8px}.elementor-widget-text-editor:not(.elementor-drop-cap-view-default) .elementor-drop-cap-letter{width:1em;height:1em}.elementor-widget-text-editor .elementor-drop-cap{float:left;text-align:center;line-height:1;font-size:50px}.elementor-widget-text-editor .elementor-drop-cap-letter{display:inline-block}<\/style>\t\t\t\t<div class=\"flex-shrink-0 flex flex-col relative items-end\"><div><div class=\"pt-0.5\"><div class=\"gizmo-shadow-stroke flex h-6 w-6 items-center justify-center overflow-hidden rounded-full\"><div class=\"h-6 w-6\">\u00a0<\/div><\/div><\/div><\/div><\/div><div class=\"relative flex w-full flex-col agent-turn\"><div class=\"font-semibold select-none\">A Isorocha valoriza profundamente sua privacidade e seguran\u00e7a. Assim, garantimos a n\u00e3o divulga\u00e7\u00e3o de seu e-mail e informa\u00e7\u00f5es cadastrais para terceiros, exceto quando estritamente necess\u00e1rio para o processo de entrega e cobran\u00e7a. Todas as informa\u00e7\u00f5es coletadas durante sua compra, incluindo nome, n\u00famero de telefone, detalhes de cobran\u00e7a e entrega, s\u00e3o de uso exclusivo da Isorocha.<\/div><div>\u00a0<\/div><div>Comprometida em manter voc\u00ea informado sobre as \u00faltimas novidades e promo\u00e7\u00f5es, a Isorocha envia e-mails regulares apenas aos clientes que optaram por esse servi\u00e7o. Garantimos que todos os links em nossos e-mails direcionam voc\u00ea ao nosso site oficial e s\u00e3o enviados exclusivamente a partir do endere\u00e7o <a target=\"_new\">contato@isorocha.com.br<\/a>.<\/div><div>\u00a0<\/div><div class=\"flex-col gap-1 md:gap-3\"><div class=\"flex flex-grow flex-col max-w-full\"><div class=\"min-h-[20px] text-message flex flex-col items-start gap-3 whitespace-pre-wrap break-words [.text-message+&amp;]:mt-5 overflow-x-auto\" data-message-author-role=\"assistant\" data-message-id=\"fbd325fd-63ad-48af-a926-d3a367b9d498\"><div class=\"markdown prose w-full break-words dark:prose-invert dark\"><p>Contra o Spam: Conscientes de que alguns provedores utilizam ferramentas AntiSpam para bloquear e-mails indesejados, queremos lembr\u00e1-lo de adicionar a Isorocha \u00e0 sua lista de remetentes seguros. Isso assegura que voc\u00ea n\u00e3o perca nossos e-mails informativos e confirma\u00e7\u00f5es de pedidos.<\/p><\/div><\/div><\/div><\/div><\/div>\t\t\t\t\t\t<\/div>\n\t\t\t\t<\/div>\n\t\t\t\t\t<\/div>\n\t\t<\/div>\n\t\t\t\t\t<\/div>\n\t\t<\/section>\n\t\t\t\t<\/div>\n\t\t","protected":false},"excerpt":{"rendered":"<p>\u00a0A Isorocha valoriza profundamente sua privacidade e seguran\u00e7a. Assim, garantimos a n\u00e3o divulga\u00e7\u00e3o de seu e-mail e informa\u00e7\u00f5es cadastrais para terceiros, exceto quando estritamente necess\u00e1rio para o processo de entrega e cobran\u00e7a. Todas as informa\u00e7\u00f5es coletadas durante sua compra, incluindo nome, n\u00famero de telefone, detalhes de cobran\u00e7a e entrega, s\u00e3o de uso exclusivo da Isorocha.\u00a0Comprometida [&hellip;]<\/p>\n","protected":false},"author":1,"featured_media":0,"parent":0,"menu_order":0,"comment_status":"closed","ping_status":"closed","template":"elementor_header_footer","meta":{"footnotes":""},"_links":{"self":[{"href":"https:\/\/isorocha.com.br\/lojaisorocha\/wp-json\/wp\/v2\/pages\/1641"}],"collection":[{"href":"https:\/\/isorocha.com.br\/lojaisorocha\/wp-json\/wp\/v2\/pages"}],"about":[{"href":"https:\/\/isorocha.com.br\/lojaisorocha\/wp-json\/wp\/v2\/types\/page"}],"author":[{"embeddable":true,"href":"https:\/\/isorocha.com.br\/lojaisorocha\/wp-json\/wp\/v2\/users\/1"}],"replies":[{"embeddable":true,"href":"https:\/\/isorocha.com.br\/lojaisorocha\/wp-json\/wp\/v2\/comments?post=1641"}],"version-history":[{"count":19,"href":"https:\/\/isorocha.com.br\/lojaisorocha\/wp-json\/wp\/v2\/pages\/1641\/revisions"}],"predecessor-version":[{"id":2212,"href":"https:\/\/isorocha.com.br\/lojaisorocha\/wp-json\/wp\/v2\/pages\/1641\/revisions\/2212"}],"wp:attachment":[{"href":"https:\/\/isorocha.com.br\/lojaisorocha\/wp-json\/wp\/v2\/media?parent=1641"}],"curies":[{"name":"wp","href":"https:\/\/api.w.org\/{rel}","templated":true}]}}