{"id":153,"date":"2024-02-20T00:02:07","date_gmt":"2024-02-20T03:02:07","guid":{"rendered":"https:\/\/isorocha.com.br\/lojaisorocha\/my-account\/"},"modified":"2024-04-03T13:33:13","modified_gmt":"2024-04-03T16:33:13","slug":"minha-conta","status":"publish","type":"page","link":"https:\/\/isorocha.com.br\/lojaisorocha\/minha-conta\/","title":{"rendered":"Minha Conta"},"content":{"rendered":"\t\t<div data-elementor-type=\"wp-page\" data-elementor-id=\"153\" class=\"elementor elementor-153\" data-elementor-post-type=\"page\">\n\t\t\t\t\t\t<section data-particle_enable=\"false\" data-particle-mobile-disabled=\"false\" class=\"elementor-section elementor-top-section elementor-element elementor-element-54d5584f elementor-section-boxed elementor-section-height-default elementor-section-height-default\" data-id=\"54d5584f\" data-element_type=\"section\" data-settings=\"{&quot;background_background&quot;:&quot;classic&quot;}\">\n\t\t\t\t\t\t\t<div class=\"elementor-background-overlay\"><\/div>\n\t\t\t\t\t\t\t<div class=\"elementor-container elementor-column-gap-no\">\n\t\t\t\t\t<div class=\"elementor-column elementor-col-100 elementor-top-column elementor-element elementor-element-2dd8841e\" data-id=\"2dd8841e\" data-element_type=\"column\">\n\t\t\t<div class=\"elementor-widget-wrap elementor-element-populated\">\n\t\t\t\t\t\t<div class=\"elementor-element elementor-element-2fd1feb3 elementor-invisible elementor-widget elementor-widget-heading\" data-id=\"2fd1feb3\" data-element_type=\"widget\" data-settings=\"{&quot;_animation&quot;:&quot;fadeInUp&quot;}\" data-widget_type=\"heading.default\">\n\t\t\t\t<div class=\"elementor-widget-container\">\n\t\t\t<style>\/*! elementor - v3.21.0 - 26-05-2024 *\/\n.elementor-heading-title{padding:0;margin:0;line-height:1}.elementor-widget-heading .elementor-heading-title[class*=elementor-size-]>a{color:inherit;font-size:inherit;line-height:inherit}.elementor-widget-heading .elementor-heading-title.elementor-size-small{font-size:15px}.elementor-widget-heading .elementor-heading-title.elementor-size-medium{font-size:19px}.elementor-widget-heading .elementor-heading-title.elementor-size-large{font-size:29px}.elementor-widget-heading .elementor-heading-title.elementor-size-xl{font-size:39px}.elementor-widget-heading .elementor-heading-title.elementor-size-xxl{font-size:59px}<\/style><h1 class=\"elementor-heading-title elementor-size-default\">Minha Conta<\/h1>\t\t<\/div>\n\t\t\t\t<\/div>\n\t\t\t\t\t<\/div>\n\t\t<\/div>\n\t\t\t\t\t<\/div>\n\t\t<\/section>\n\t\t\t\t<section data-particle_enable=\"false\" data-particle-mobile-disabled=\"false\" class=\"elementor-section elementor-top-section elementor-element elementor-element-6f7baa99 elementor-section-boxed elementor-section-height-default elementor-section-height-default\" data-id=\"6f7baa99\" data-element_type=\"section\">\n\t\t\t\t\t\t<div class=\"elementor-container elementor-column-gap-no\">\n\t\t\t\t\t<div class=\"elementor-column elementor-col-100 elementor-top-column elementor-element elementor-element-5385ddc0\" data-id=\"5385ddc0\" data-element_type=\"column\">\n\t\t\t<div class=\"elementor-widget-wrap elementor-element-populated\">\n\t\t\t\t\t\t<div class=\"elementor-element elementor-element-4aad2d3d e-my-account-tabs-vertical elementor-widget elementor-widget-woocommerce-my-account\" data-id=\"4aad2d3d\" data-element_type=\"widget\" data-settings=\"{&quot;forms_buttons_hover_animation&quot;:&quot;bob&quot;}\" data-widget_type=\"woocommerce-my-account.default\">\n\t\t\t\t<div class=\"elementor-widget-container\">\n\t\t\t<link rel=\"stylesheet\" href=\"https:\/\/isorocha.com.br\/lojaisorocha\/wp-content\/plugins\/elementor-pro\/assets\/css\/widget-woocommerce.min.css\"><div class=\"e-my-account-tab e-my-account-tab__ \">\t\t\t<div class=\"woocommerce\"><\/div>\t\t<\/div>\n\t\t\t\t<\/div>\n\t\t\t\t<\/div>\n\t\t\t\t\t<\/div>\n\t\t<\/div>\n\t\t\t\t\t<\/div>\n\t\t<\/section>\n\t\t\t\t<\/div>\n\t\t","protected":false},"excerpt":{"rendered":"<p>Minha Conta Painel Pedidos Downloads Endere\u00e7o Detalhes da conta Sair Ol\u00e1, brhoje (n\u00e3o \u00e9 brhoje? Sair) A partir do painel de controle de sua conta, voc\u00ea pode ver suas compras recentes, gerenciar seus endere\u00e7os de entrega e faturamento, e editar sua senha e detalhes da conta.<\/p>\n","protected":false},"author":1,"featured_media":0,"parent":0,"menu_order":0,"comment_status":"closed","ping_status":"closed","template":"elementor_header_footer","meta":{"footnotes":""},"_links":{"self":[{"href":"https:\/\/isorocha.com.br\/lojaisorocha\/wp-json\/wp\/v2\/pages\/153"}],"collection":[{"href":"https:\/\/isorocha.com.br\/lojaisorocha\/wp-json\/wp\/v2\/pages"}],"about":[{"href":"https:\/\/isorocha.com.br\/lojaisorocha\/wp-json\/wp\/v2\/types\/page"}],"author":[{"embeddable":true,"href":"https:\/\/isorocha.com.br\/lojaisorocha\/wp-json\/wp\/v2\/users\/1"}],"replies":[{"embeddable":true,"href":"https:\/\/isorocha.com.br\/lojaisorocha\/wp-json\/wp\/v2\/comments?post=153"}],"version-history":[{"count":28,"href":"https:\/\/isorocha.com.br\/lojaisorocha\/wp-json\/wp\/v2\/pages\/153\/revisions"}],"predecessor-version":[{"id":2225,"href":"https:\/\/isorocha.com.br\/lojaisorocha\/wp-json\/wp\/v2\/pages\/153\/revisions\/2225"}],"wp:attachment":[{"href":"https:\/\/isorocha.com.br\/lojaisorocha\/wp-json\/wp\/v2\/media?parent=153"}],"curies":[{"name":"wp","href":"https:\/\/api.w.org\/{rel}","templated":true}]}}